{"id":3524,"date":"2023-02-10T10:18:05","date_gmt":"2023-02-10T10:18:05","guid":{"rendered":"https:\/\/adlatus.netzhautflimmern.ch\/?page_id=3524"},"modified":"2023-11-30T14:56:21","modified_gmt":"2023-11-30T14:56:21","slug":"datenschutz-impressum","status":"publish","type":"page","link":"https:\/\/adlatus.ch\/fr\/datenschutz-impressum\/","title":{"rendered":"Datenschutz &#038; Impressum"},"content":{"rendered":"<div data-elementor-type=\"wp-page\" data-elementor-id=\"3524\" class=\"elementor elementor-3524\" data-elementor-post-type=\"page\">\n\t\t\t\t\t\t<section class=\"elementor-section elementor-top-section elementor-element elementor-element-eab4294 elementor-section-boxed ang-section-padding-initial elementor-section-height-default elementor-section-height-default elementor-repeater-item-none elementor-repeater-item-none_hover\" data-id=\"eab4294\" data-element_type=\"section\" data-e-type=\"section\">\n\t\t\t\t\t\t<div class=\"elementor-container elementor-column-gap-default\">\n\t\t\t\t\t<div class=\"elementor-column elementor-col-100 elementor-top-column elementor-element elementor-element-efa89d3 elementor-repeater-item-none elementor-repeater-item-none_hover\" data-id=\"efa89d3\" data-element_type=\"column\" data-e-type=\"column\">\n\t\t\t<div class=\"elementor-widget-wrap\">\n\t\t\t\t\t\t\t<\/div>\n\t\t<\/div>\n\t\t\t\t\t<\/div>\n\t\t<\/section>\n\t\t\t\t<section class=\"elementor-section elementor-top-section elementor-element elementor-element-452ec27 elementor-section-boxed ang-section-padding-initial elementor-section-height-default elementor-section-height-default elementor-repeater-item-none elementor-repeater-item-none_hover\" data-id=\"452ec27\" data-element_type=\"section\" data-e-type=\"section\">\n\t\t\t\t\t\t<div class=\"elementor-container elementor-column-gap-default\">\n\t\t\t\t\t<div class=\"elementor-column elementor-col-100 elementor-top-column elementor-element elementor-element-5308d4f elementor-repeater-item-none elementor-repeater-item-none_hover\" data-id=\"5308d4f\" data-element_type=\"column\" data-e-type=\"column\">\n\t\t\t<div class=\"elementor-widget-wrap elementor-element-populated\">\n\t\t\t\t\t\t<div class=\"elementor-element elementor-element-bcfed16 elementor-repeater-item-none elementor-repeater-item-none_hover elementor-widget elementor-widget-html\" data-id=\"bcfed16\" data-element_type=\"widget\" data-e-type=\"widget\" data-widget_type=\"html.default\">\n\t\t\t\t<div class=\"elementor-widget-container\">\n\t\t\t\t\t<h1>Datenschutzbestimmungen<\/h1>\n<h2>Grundsatz und Geltungsbereich<\/h2>\n<p>Diese Datenschutzinformation bezieht sich auf die Verarbeitung von personenbezogenen Daten im Zusammenhang mit dem Besuch der Websites unter adlatus.ch. Um unsere Websites und die damit verbundenen Online-Dienstleistungen oder Online-Anwendungen (zusammenfassend Services genannt) nutzen zu k\u00f6nnen, verarbeiten wir Ihre personenbezogenen Daten (im Folgenden auch als 'Daten' bezeichnet). Bitte beachten Sie, dass diese Datenschutzinformation nicht f\u00fcr Websites anderer Anbieter gilt, auf die unsere Website m\u00f6glicherweise verlinkt ist.<br>Personenbezogene Daten beziehen sich auf Informationen, die sich auf eine bestimmte oder bestimmbare nat\u00fcrliche Person beziehen. Bestimmte Kategorien von besonders sensiblen personenbezogenen Daten, wie beispielsweise Gesundheitsdaten, werden durch spezielle gesetzliche Bestimmungen besonders gesch\u00fctzt. Unter dem Begriff Bearbeitung fallen s\u00e4mtliche Vorg\u00e4nge im Zusammenhang mit Ihren Daten, einschliesslich Erhebung, Speicherung, Nutzung, Weitergabe, Archivierung oder L\u00f6schung. Bei der Datenverarbeitung halten wir uns an das Bundesgesetz \u00fcber den Datenschutz (DSG), die entsprechende Durchf\u00fchrungsverordnung (DSGV) sowie an andere geltende Datenschutzgesetze (z. B. die Europ\u00e4ische Datenschutz-Grundverordnung, DSGVO), sofern diese anwendbar sind.<br>Im Folgenden m\u00f6chten wir Ihnen erl\u00e4utern, welche Daten wir erheben, zu welchem Zweck wir sie verwenden und welche Rechte Sie in Bezug auf Ihre Daten haben. Sofern Sie uns Daten \u00fcber Dritte \u00fcbermitteln, gehen wir davon aus, dass Sie dazu berechtigt sind und dass die \u00fcbermittelten Daten korrekt sind. Wir bitten Sie daher, die betreffenden Dritten \u00fcber die Verarbeitung ihrer Daten durch uns zu informieren und ihnen eine Kopie dieser Datenschutzinformation oder der relevanten Produktinformationen zu \u00fcbergeben. Sollten wir Sie auf eine aktualisierte Version dieser Dokumente hinweisen, bitten wir Sie, auch diese neuen Versionen weiterzugeben.<br>Unsere Mitarbeiter werden regelm\u00e4ssig in Datenschutzfragen geschult und unterliegen der Geheimhaltungspflicht. Zudem wird die Einhaltung der datenschutzrechtlichen Bestimmungen von unserer Datenschutzfachstelle \u00fcberwacht.<\/p>\n<h2>Verantwortliche Stellen und Kontakt<\/h2>\n<p>Verantwortlich f\u00fcr die in dieser Datenschutzerkl\u00e4rung beschriebene Verarbeitung von Daten  ist:<br>adlatus<br>adlatus<br>4600 Olten<br>Bei Fragen und Anliegen rund um die Verarbeitung Ihrer Daten sowie Ihrer datenschutztechnischen Rechte uns gegen\u00fcber wenden Sie sich bitte an:<br>adlatus<br>Datenschutzfachstelle<br>adlatus<br>4600 Olten<br>E-Mail: werner.lamprecht@adlatusschweiz.clubdesk.com<\/p>\n<h2>Bearbeitete Daten<\/h2>\n<p>Wir legen grossen Wert auf den Schutz Ihrer personenbezogenen Daten. Bei der Nutzung unserer Webseite und Services verarbeiten wir in erster Linie die f\u00fcr die Nutzung notwendigen Daten, die Sie uns \u00fcbermitteln sowie die von uns direkt erhobenen Informationen (siehe unten).<br>Im Zuge der Nutzung unserer Webseite und Services erfassen wir Metadaten, wie zum Beispiel Informationen zu Ihrem Browser (Typ und Version), Ihrem Ger\u00e4tetyp (z. B. Smartphone oder Tablet) und Ihrer IP-Adresse. Des Weiteren erheben wir Zugriffsdaten, auch Protokolldaten genannt. Diese beinhalten den Namen der aufgerufenen Website, Datum und Uhrzeit des Zugriffs, \u00fcbertragene Datenmenge, Meldung \u00fcber einen erfolgreichen Abruf, Informationen zum Betriebssystem sowie Angaben zur zuletzt besuchten Website.<br>Weitere Daten zu Ihrer Person speichern und verarbeiten wir nur, wenn Sie diese im Zuge der Nutzung von Services und Tools (z.B. Kontaktformular) an uns \u00fcbermitteln. Weitere datenschutzrelevante Informationen f\u00fcr spezifische Tools finden Sie gegebenenfalls weiter unten in dieser Datenschutzerkl\u00e4rung.<\/p>\n<h2>Zweck<\/h2>\n<p>Wir verarbeiten Ihre Daten ausschliesslich f\u00fcr die Zwecke, die wir Ihnen bei der Erhebung Ihrer Daten mitgeteilt haben, sowie f\u00fcr andere mit diesen Zielen vereinbare Zwecke. Weitere Informationen \u00fcber die Grundlagen unserer Datenverarbeitung finden Sie weiter unten in dieser Datenschutzerkl\u00e4rung.<\/p>\n<h2>Verarbeitung der Daten<\/h2>\n<p>Wir verarbeiten Ihre Daten f\u00fcr verschiedene Zwecke im Zusammenhang mit der Kommunikation mit Ihnen. Dies umfasst insbesondere die Beantwortung von Anfragen, die Geltendmachung Ihrer Rechte und die Kontaktaufnahme bei R\u00fcckfragen. Dabei nutzen wir vor allem Kommunikationsdaten und Stammdaten, sowie Registrierungsdaten in Bezug auf von Ihnen genutzte Angebote und Dienstleistungen. Diese Daten k\u00f6nnen  f\u00fcr Dokumentationszwecke, Schulungen, Qualit\u00e4tssicherung und Nachfragen gespeichert werden.<br>Des Weiteren verarbeiten wir Daten f\u00fcr Marketingzwecke und zur Pflege der Kundenbeziehung. Wir k\u00f6nnen allgemeine oder personalisierte Informationen zu unserem Angebot an unsere Nutzer senden, beispielsweise in Form unregelm\u00e4ssiger Kontakte per E-Mail, Post oder Telefon, sowie \u00fcber andere Kan\u00e4le, f\u00fcr die wir Kontaktinformationen von Ihnen haben. Sie haben jederzeit die M\u00f6glichkeit, solche Kontakte abzulehnen oder Ihre Einwilligung zur Kontaktaufnahme f\u00fcr Werbezwecke zu verweigern oder zu widerrufen. Mit Ihrer Einwilligung k\u00f6nnen wir unser Online-Angebot gezielter auf die Bed\u00fcrfnisse unserer Nutzer ausrichten.<br>Des Weiteren k\u00f6nnen wir Ihre Daten f\u00fcr Marktforschung, zur Verbesserung unseres Online-Angebots, unserer Dienstleistungen und allenfalls zur Produktentwicklung nutzen.<br>Schliesslich k\u00f6nnen wir Ihre Daten auch aus Sicherheitsgr\u00fcnden und zur Zugangskontrolle auf unserer Webseite speichern und verarbeiten.<\/p>\n<h2>Logfiles<\/h2>\n<p>Wir nutzen haupts\u00e4chlich Daten zur Erstellung von Server-Logfiles, um statistische Auswertungen f\u00fcr den Betrieb der Website durchzuf\u00fchren, die Sicherheit der IT-Systeme zu gew\u00e4hrleisten und die Website zu optimieren. Hierbei verwenden wir vorrangig Protokolldaten. Die rechtliche Grundlage f\u00fcr diese Datenverarbeitung ist unser berechtigtes Interesse, Ihnen jederzeit eine sichere und reibungslose Nutzungserfahrung zu bieten. Wir behalten uns ausserdem das Recht vor, die Protokolldaten nachtr\u00e4glich zu \u00fcberpr\u00fcfen, wenn konkrete Anhaltspunkte f\u00fcr eine rechtswidrige Nutzung bestehen.<\/p>\n<h2>Kontaktformular<\/h2>\n<p>Wenn Sie uns \u00fcber das Kontaktformular kontaktieren, erfassen wir Ihre Kontaktdaten, um Ihre Anfrage zu bearbeiten und eventuelle Nachfragen zu beantworten. Die \u00dcbermittlung dieser Daten erfolgt in verschl\u00fcsselter Form.<br>Wenn Sie uns Ihre E-Mail-Adresse angegeben haben oder uns direkt per E-Mail kontaktiert haben, k\u00f6nnen wir Ihnen auch Informationen per E-Mail zusenden, die im Zusammenhang mit der Bearbeitung Ihrer Anliegen und Fragen stehen.<br>Die rechtliche Grundlage f\u00fcr die Verarbeitung Ihrer Daten beruht auf unserem berechtigten Interesse, Ihre Online-Anfrage effizient und effektiv bearbeiten zu k\u00f6nnen. Wenn das Ziel des E-Mail-Kontakts der Abschluss eines Vertrags ist, basiert die Datenverarbeitung auf der Anbahnung dieser vertraglichen Beziehung.<\/p>\n<h2>Marketing<\/h2>\n<p>Ihre Daten k\u00f6nnen von uns dazu verwendet werden, Sie gelegentlich \u00fcber News, neue Produkte, Dienstleistungen oder andere f\u00fcr Sie interessante Leistungen von uns und allenfalls unseren Partnern zu informieren.<br>Sollten Sie die Nutzung Ihrer Daten zu Marketingzwecken nicht zustimmen wollen, k\u00f6nnen Sie uns entsprechend informieren bzw. Ihre Einwilligung zum Erhalt von Marketinginformationen verweigern oder widerrufen.<\/p>\n<h2>Google Fonts<\/h2>\n<p>Wir k\u00f6nnen auf unserer Webseite Google Fonts nutzen um ausgew\u00e4hlte Schriftarten sowie Icons und Symbole auf unserer Website anzuzeigen. Dabei handelt es sich um einen Dienst, bereitgestellt von Google LLC (1600 Amphitheatre Parkway, Mountain View, CA 94043, USA).<br>Weiterf\u00fchrende Informationen zu Google Fonts finden sie unter folgendem Link: developers.google.com\/fonts\/faq\/privacy?hl=de<\/p>\n<h2>Google Analytics<\/h2>\n<p>Wir k\u00f6nnen auf unserer Webseite Google Analytics und den Google Tag Manager nutzen. Dabei handelt es sich um einen Webanalysedienst und ein unterst\u00fctzendes Tool, bereitgestellt von Google LLC (1600 Amphitheatre Parkway, Mountain View, CA 94043, USA).<br>F\u00fcr die Analyse Ihrer Nutzung unserer Webseite verwendet Google Analytics Cookies. Die vom Dienst erzeugten Nutzungsdaten werden standardm\u00e4ssig an Server in einem Google-Rechenzentrum \u00fcbertragen und dort gespeichert. Es besteht die M\u00f6glichkeit, dass \u00fcber Google Analytics und Google Tag Manager zus\u00e4tzliche personenbezogene Daten erfassen werden und dass diese Daten von Google an Dritte weitergegeben werden, sofern dies gesetzlich vorgeschrieben ist oder wenn Dritte die Daten im Auftrag von Google verarbeiten. Wir selbst geben ohne Ihre Einwilligung keine Personendaten an Google weiter.<br>Die rechtliche Grundlage f\u00fcr die Verarbeitung Ihrer Daten beruht auf unserem berechtigten Interesse, das Nutzerverhalten zur Optimierung unseres Angebots zu analysieren. Weiterf\u00fchrende Informationen zu Google Analytics und Google Tag Manager finden sie unter folgendem Link: support.google.com\/tagmanager\/?hl=de#topic=3441530<\/p>\n<h2>IP Anonymisierung<\/h2>\n<p>Ihre IP-Adresse wird bei unserer Webseite vor der \u00dcbertragung an Google standardm\u00e4ssig anonymisiert. Dies geschieht, indem Ihre Adresse nur in gek\u00fcrzter Form \u00fcbertragen wird. In Ausnahmef\u00e4llen kann es vorkommen, dass Ihre Adresse vollst\u00e4ndig \u00fcbertragen und erst im Rechenzentrum von Google gek\u00fcrzt wird.<\/p>\n<h2>Ihre Rechte<\/h2>\n<p>Sie haben nach Massgabe des anwendbaren Datenschutzrechts gem\u00e4ss den geltenden Datenschutzbestimmungen und unter bestimmten Voraussetzungen folgende Rechte:<br> - Recht auf Auskunft: Sie k\u00f6nnen von uns Informationen dar\u00fcber verlangen, ob wir Ihre personenbezogenen Daten verarbeiten und welche Daten dies gegebenenfalls sind.<br> - Recht auf Berichtigung: - Sie k\u00f6nnen von uns die Korrektur falscher Daten oder die Vervollst\u00e4ndigung unvollst\u00e4ndiger Daten verlangen.<br> - Recht auf L\u00f6schung: Sie k\u00f6nnen die L\u00f6schung Ihrer Daten verlangen. Beachten Sie jedoch, dass bestimmte gesetzliche Bestimmungen oder berechtigte Interessen unsere Verpflichtung zur L\u00f6schung einschr\u00e4nken k\u00f6nnen.<br> - Recht auf Daten\u00fcbertragbarkeit: - Unter bestimmten Voraussetzungen k\u00f6nnen Sie verlangen, dass wir Ihnen die von Ihnen bereitgestellten Daten in einem strukturierten, g\u00e4ngigen und maschinenlesbaren Format zur Verf\u00fcgung stellen.<br> - Recht auf Widerruf der Einwilligung: - Wenn die Datenverarbeitung auf Ihrer Einwilligung beruht, k\u00f6nnen Sie diese Einwilligung jederzeit widerrufen. Bitte beachten Sie, dass der Widerruf die Rechtm\u00e4ssigkeit der bis zum Widerruf erfolgten Datenverarbeitung nicht ber\u00fchrt.<br> - Recht auf Widerspruch: - Sie haben unter bestimmten Umst\u00e4nden das Recht, der Verarbeitung Ihrer Daten, insbesondere f\u00fcr Zwecke des Direktmarketings oder der berechtigten Interessen, zu widersprechen.<br> - Beschwerderecht: - Wenn Sie mit unserem Umgang Ihrer Daten nicht einverstanden sind, haben Sie das Recht, sich an unsere Datenschutzbeauftragten oder unter edoeb.admin.ch an die zust\u00e4ndige Datenschutzaufsichtsbeh\u00f6rde zu wenden.<br> Bitte beachten Sie, dass diese Rechte gesetzlichen Voraussetzungen unterliegen und dass Ausnahmen und Einschr\u00e4nkungen gelten k\u00f6nnen. Um Ihre Rechte wahrzunehmen, k\u00f6nnen Sie uns schriftlich oder per E-Mail an die untenstehende Adresse kontaktieren.<br>adlatus<br>Datenschutzfachstelle<br>adlatus<br>4600 Olten<br>E-Mail: axel@nouveda.com<\/p>\n<h2>SSL<\/h2>\n<p>Aufgrund der technischen Struktur des Internets als offenes Netzwerk kann eine sichere \u00dcbermittlung Ihrer Daten nicht in allen F\u00e4llen garantiert werden. Wenn Sie Ihre pers\u00f6nlichen Daten an uns senden, dann geschieht dies immer auf eigenes Risiko.<br>Um den Schutz Ihrer \u00fcbermittelten Daten zu gew\u00e4hrleisten, verwenden wir Verschl\u00fcsselungsmechanismen gem\u00e4ss den aktuellen Sicherheitsstandards (Transport Layer Security, TLS). TLS ist ein Protokoll zur sicheren Daten\u00fcbertragung im Internet und wird von den meisten Browsern unterst\u00fctzt. Es nutzt das Public-Key-Verfahren, bei dem Daten mit einem \u00f6ffentlich zug\u00e4nglichen Schl\u00fcssel verschl\u00fcsselt und nur mit einem spezifischen privaten Schl\u00fcssel wieder entschl\u00fcsselt werden k\u00f6nnen. Die meisten Browser zeigen anhand eines Schl\u00fcsselsymbols oder Vorh\u00e4ngeschlosses an, ob eine Verbindung sicher ist.<br>Wir treffen diverse technische und organisatorische Sicherheitsvorkehrungen, um den Schutz Ihrer Daten innerhalb unseres Systems zu gew\u00e4hrleisten. Dennoch m\u00f6chten wir Sie darauf hinweisen, dass trotz dieser Massnahmen das Risiko von Datenverlust, unbefugtem Zugriff auf oder Manipulation der Daten durch Dritte besteht. Bitte beachten Sie zudem, dass gewisse Netzwerkabschnitte und Ihr Computer ausserhalb unseres kontrollierbaren Sicherheitsbereichs liegen. Als Benutzer sind Sie daf\u00fcr verantwortlich, sich \u00fcber erforderliche Sicherheitsvorkehrungen zu informieren und die n\u00f6tigen Massnahmen innerhalb Ihres Einflussbereiches zu ergreifen. Eine Haftung unsererseits f\u00fcr Sch\u00e4den, welche Ihnen durch Datenverlust oder -manipulation entstehen, ist grunds\u00e4tzlich ausgeschlossen.<\/p>\n<h2>Aufbewahrung der Daten<\/h2>\n<p>Wir speichern Ihre Daten lediglich so lange, wie es f\u00fcr die von uns genannten Zwecke notwendig ist oder wie wir gesetzlich oder vertraglich verpflichtet sind. Daten, welche f\u00fcr die genannten Zwecke auch in Zukunft nicht mehr notwendig sind werden von uns im Rahmen unserer regul\u00e4ren Datenpflege gel\u00f6scht oder alternativ anonymisiert.<\/p>\n<h2>Update<\/h2>\n<p>Die vorliegende Datenschutzinformation ist nicht Vertragsbestandteil und jederzeit durch uns ab\u00e4nderbar. Es gilt jeweils die hier ver\u00f6ffentlichte Version.<br><br>Letztmals aktualisiert am 30. Oktober, 2023<\/p>\n\t\t\t\t<\/div>\n\t\t\t\t<\/div>\n\t\t\t\t\t<\/div>\n\t\t<\/div>\n\t\t\t\t\t<\/div>\n\t\t<\/section>\n\t\t\t\t<\/div>","protected":false},"excerpt":{"rendered":"<p>Datenschutzbestimmungen Grundsatz und Geltungsbereich Diese Datenschutzinformation bezieht sich auf die Verarbeitung von personenbezogenen Daten im Zusammenhang mit dem Besuch der Websites unter adlatus.ch. Um unsere Websites und die damit verbundenen Online-Dienstleistungen oder Online-Anwendungen (zusammenfassend Services genannt) nutzen zu k\u00f6nnen, verarbeiten wir Ihre personenbezogenen Daten (im Folgenden auch als &#8218;Daten&#8216; bezeichnet). Bitte beachten Sie, dass diese [&hellip;]<\/p>\n","protected":false},"author":1,"featured_media":0,"parent":0,"menu_order":0,"comment_status":"closed","ping_status":"closed","template":"elementor_canvas","meta":{"_acf_changed":false,"om_disable_all_campaigns":false,"inline_featured_image":false,"_monsterinsights_skip_tracking":false,"_monsterinsights_sitenote_active":false,"_monsterinsights_sitenote_note":"","_monsterinsights_sitenote_category":0,"_uf_show_specific_survey":0,"_uf_disable_surveys":false,"footnotes":""},"class_list":["post-3524","page","type-page","status-publish","hentry"],"acf":[],"_links":{"self":[{"href":"https:\/\/adlatus.ch\/fr\/wp-json\/wp\/v2\/pages\/3524","targetHints":{"allow":["GET"]}}],"collection":[{"href":"https:\/\/adlatus.ch\/fr\/wp-json\/wp\/v2\/pages"}],"about":[{"href":"https:\/\/adlatus.ch\/fr\/wp-json\/wp\/v2\/types\/page"}],"author":[{"embeddable":true,"href":"https:\/\/adlatus.ch\/fr\/wp-json\/wp\/v2\/users\/1"}],"replies":[{"embeddable":true,"href":"https:\/\/adlatus.ch\/fr\/wp-json\/wp\/v2\/comments?post=3524"}],"version-history":[{"count":38,"href":"https:\/\/adlatus.ch\/fr\/wp-json\/wp\/v2\/pages\/3524\/revisions"}],"predecessor-version":[{"id":4572,"href":"https:\/\/adlatus.ch\/fr\/wp-json\/wp\/v2\/pages\/3524\/revisions\/4572"}],"wp:attachment":[{"href":"https:\/\/adlatus.ch\/fr\/wp-json\/wp\/v2\/media?parent=3524"}],"curies":[{"name":"wp","href":"https:\/\/api.w.org\/{rel}","templated":true}]}}